{"id":95,"date":"2011-05-29T15:39:54","date_gmt":"2011-05-29T15:39:54","guid":{"rendered":"http:\/\/trolibp.fw.hu\/wordpress\/?page_id=95"},"modified":"2011-05-29T15:48:20","modified_gmt":"2011-05-29T15:48:20","slug":"humorban-utazik-csapatunk","status":"publish","type":"page","link":"https:\/\/aniko.api64.de\/anisite\/wordpress\/?page_id=95","title":{"rendered":"Humorban utazik csapatunk"},"content":{"rendered":"<p>Anno a Drupal blogban csak vicces oldalak \u00e9s \u00edr\u00e1sok sz\u00fclettek, melyek teljesen j\u00f3l kompenz\u00e1lt\u00e1k a sz\u00fcrke h\u00e9tk\u00f6znapokat \u00e9s megfelel\u0151en fel tudt\u00e1k oldani az emberben a g\u00e1tl\u00e1sokat. Sajnos encoder megsz\u0171ntette a Drupal blogot, amit csak f\u00e9lig \u00e9rtettem meg, de ezen nem fogok vitatkozni. Abban pedig egyet\u00e9rtett\u00fcnk, hogy napl\u00f3 c\u00e9lj\u00e1b\u00f3l el\u00e9g egyet haszn\u00e1lni \u00e9s mivel a WP gyakrabban friss\u00fcl, stabil \u00e9s biztons\u00e1gos, amit encoder m\u00e9g tr\u00fckk\u00f6sen biztons\u00e1gosabb\u00e1 is var\u00e1zsolt, valamint fel\u00fclete is innovat\u00edvabb \u00e9s gazdagabb, ezt v\u00e1lasztottuk.<br \/>\nEz\u00e9rt egy \u00faj oldalon tal\u00e1lhat\u00f3 meg minden vicc \u00e9s humor, ami pezsd\u00edt, friss\u00edt \u00e9s sz\u00f3rakoztat. Ezenk\u00edv\u00fcl tervezek m\u00e9g oldalakat, de ez maradjon st\u00e1bunk titka: rem\u00e9lem, m\u00e1r mindenki k\u00edv\u00fclr\u0151l f\u00fajja: Zolee boy \u00e9s \u00e1lland\u00f3 partnerei a csajok-at. R\u00f3luk m\u00e9g nem besz\u00e9ltem, tal\u00e1n egy sz\u00fclet\u0151 oldalon \u0151ket is megeml\u00edtem.<br \/>\nTeh\u00e1t viccre fel, ide minden j\u00f3 viccet! Aki bek\u00fcld, annak neve felker\u00fcl egy \u00faj oldalra, amely a felhaszn\u00e1l\u00f3k Hall of fame-je lesz. Addig is ahoj&#8230;<\/p>\n","protected":false},"excerpt":{"rendered":"<p>Anno a Drupal blogban csak vicces oldalak \u00e9s \u00edr\u00e1sok sz\u00fclettek, melyek teljesen j\u00f3l kompenz\u00e1lt\u00e1k a sz\u00fcrke h\u00e9tk\u00f6znapokat \u00e9s megfelel\u0151en fel tudt\u00e1k oldani az emberben a g\u00e1tl\u00e1sokat. Sajnos encoder megsz\u0171ntette a Drupal blogot, amit csak f\u00e9lig \u00e9rtettem meg, de ezen nem fogok vitatkozni. Abban pedig egyet\u00e9rtett\u00fcnk, hogy napl\u00f3 c\u00e9lj\u00e1b\u00f3l el\u00e9g egyet haszn\u00e1lni \u00e9s mivel a WP [&hellip;]<\/p>\n","protected":false},"author":1,"featured_media":0,"parent":0,"menu_order":0,"comment_status":"open","ping_status":"open","template":"","meta":{"footnotes":""},"class_list":["post-95","page","type-page","status-publish","hentry"],"aioseo_notices":[],"_links":{"self":[{"href":"https:\/\/aniko.api64.de\/anisite\/wordpress\/index.php?rest_route=\/wp\/v2\/pages\/95","targetHints":{"allow":["GET"]}}],"collection":[{"href":"https:\/\/aniko.api64.de\/anisite\/wordpress\/index.php?rest_route=\/wp\/v2\/pages"}],"about":[{"href":"https:\/\/aniko.api64.de\/anisite\/wordpress\/index.php?rest_route=\/wp\/v2\/types\/page"}],"author":[{"embeddable":true,"href":"https:\/\/aniko.api64.de\/anisite\/wordpress\/index.php?rest_route=\/wp\/v2\/users\/1"}],"replies":[{"embeddable":true,"href":"https:\/\/aniko.api64.de\/anisite\/wordpress\/index.php?rest_route=%2Fwp%2Fv2%2Fcomments&post=95"}],"version-history":[{"count":3,"href":"https:\/\/aniko.api64.de\/anisite\/wordpress\/index.php?rest_route=\/wp\/v2\/pages\/95\/revisions"}],"predecessor-version":[{"id":97,"href":"https:\/\/aniko.api64.de\/anisite\/wordpress\/index.php?rest_route=\/wp\/v2\/pages\/95\/revisions\/97"}],"wp:attachment":[{"href":"https:\/\/aniko.api64.de\/anisite\/wordpress\/index.php?rest_route=%2Fwp%2Fv2%2Fmedia&parent=95"}],"curies":[{"name":"wp","href":"https:\/\/api.w.org\/{rel}","templated":true}]}}