{"id":83,"date":"2011-05-26T17:19:22","date_gmt":"2011-05-26T17:19:22","guid":{"rendered":"http:\/\/trolibp.fw.hu\/wordpress\/?page_id=83"},"modified":"2011-05-26T17:58:32","modified_gmt":"2011-05-26T17:58:32","slug":"a-regi-blog","status":"publish","type":"page","link":"https:\/\/aniko.api64.de\/anisite\/wordpress\/?page_id=83","title":{"rendered":"A r\u00e9gi blog"},"content":{"rendered":"<p><em>A r\u00e9gi sz\u00e9p id\u0151kben volt egy Drupal blogom, melyet s\u00f3gorom megsz\u0171ntetett. Ennek tartalm\u00e1t \u00e1thozta ide, ezt olvashatja mindenki. J\u00f3 sz\u00f3rakoz\u00e1st k\u00edv\u00e1nok.<\/em><\/p>\n<hr \/>\n<p><strong>Csod\u00e1k m\u00e1rpedig vannak! Vagy m\u00e9gsem?<\/strong><br \/>\nh, 04\/25\/2011 &#8211; 11:46 \u2014 trolibp<\/p>\n<p>A trolis hagyom\u00e1nyokat k\u00f6zleked\u00e9ssel f\u0171szerezte csapatunk. \u00cdme:<\/p>\n<p>Egy aut\u00f3s sz\u00e9p laposra vasal egy kakast az orsz\u00e1g\u00faton. Felveszi a d\u00f6g\u00f6t, \u00e9s beviszi a k\u00f6zeli h\u00e1zba:<br \/>\n&#8211; Asszonyom, nagyon sajn\u00e1lom, de elg\u00e1zoltam a kakas\u00e1t! Mindent megteszek, hogy p\u00f3toljam a vesztes\u00e9get.<br \/>\n&#8211; Rendben van, menjen h\u00e1tra az udvarba, a csirk\u00e9k m\u00e1r nagyon t\u00fcrelmetlenek.<\/p>\n<p>A parkol\u00f3ban egy kocsij\u00e1hoz igyekv\u0151 n\u0151 \u00e9szreveszi, hogy egy aut\u00f3 vezet\u0151 n\u00e9lk\u00fcl gurulni kezd. Szokatlan l\u00e9lekjelenl\u00e9ttel kinyitja a kocsi ajtaj\u00e1t, beugrik \u00e9s beh\u00fazza a k\u00e9zif\u00e9ket. Amikor kisz\u00e1ll, \u00e9szreveszi, hogy egy f\u00e9rfi \u00e1ll a kocsi mellett.<br \/>\n&#8211; Gurult, de meg\u00e1ll\u00edtottam &#8211; jelenti ki b\u00fcszk\u00e9n a n\u0151.<br \/>\n&#8211; Tudom &#8211; v\u00e1laszol a f\u00e9rfi -, \u00e9n toltam.<\/p>\n<p>Egy eleg\u00e1ns n\u0151t el\u00fct egy aut\u00f3, \u00e9s a vezet\u0151je seg\u00edts\u00e9g n\u00e9k\u00fcl tov\u00e1bbhajt. A rend\u0151r megk\u00e9rdezi t\u0151le<br \/>\n&#8211; Nem figyelte meg a kocsi rendsz\u00e1m\u00e1t?<br \/>\n&#8211; Nem volt r\u00e1 id\u0151m, olyan gyorsan t\u00f6rt\u00e9nt. Csak annyit l\u00e1ttam, hogy h\u00e1tul egy v\u00f6r\u00f6s haj\u00fa n\u0151 \u00fclt z\u00f6ld sanzs\u00e1nballonban \u00e9s barna kalapban, tov\u00e1bb\u00e1 fekete retik\u00fclt \u00e9s s\u00f6t\u00e9t r\u00fazst haszn\u00e1lt.<\/p>\n<p>Egy kis old\u00f3d\u00e1s:<\/p>\n<p>&#8211; Ismered a t\u00edz kicsi indi\u00e1n \u00e9s az egy szem ap\u00e1ca t\u00f6rt\u00e9net\u00e9t?<br \/>\n&#8211; Nem.<br \/>\n&#8211; \u00c9n sem, de meredek dolog lehet.<\/p>\n<p>Egy pirosl\u00e1mp\u00e1s h\u00e1z kapuj\u00e1ra ez van ki\u00edrva: Spanyol m\u00f3dra: plusz 10% fel\u00e1r. Egy f\u00e9rfit \u00e9rdekelni kezd a dolog, bemegy \u00e9s spanyol m\u00f3dra k\u00e9ri. Mikor v\u00e9ge az aktusnak, \u00edgy sz\u00f3l a kurv\u00e1hoz:<br \/>\n&#8211; \u00c9s hol van itt a Spanyol m\u00f3d?<br \/>\nErre a n\u0151 fel\u00e1ll, az egyik kez\u00e9t a magasba emeli, a m\u00e1sikat pedig cs\u00edp\u0151re teszi \u00e9s \u00edgy sz\u00f3l:<br \/>\n&#8211; Oll\u00e9!<\/p>\n<p>K\u00e9t r\u00e9gi bar\u00e1t tal\u00e1lkozik.<br \/>\n&#8211; Hogy megy a szex? &#8211; k\u00e9rdezi az egyik.<br \/>\n&#8211; Megy, csak igen ritk\u00e1n.<br \/>\n&#8211; Naponta?<br \/>\n&#8211; Dehogy! Ink\u00e1bb nyaranta.<br \/>\n&#8211; Id\u00e9n volt?<br \/>\n&#8211; Mi\u00e9rt? Volt id\u00e9n ny\u00e1r?<\/p>\n<p>K\u00e9t bar\u00e1t besz\u00e9lget:<br \/>\n&#8211; Te, ez a Maca olyan, mint egy m\u0171holdas ad\u00f3.<br \/>\n&#8211; Hogy-hogy?<br \/>\n&#8211; Mindent lehet fogni rajta.<\/p>\n<p>Az esk\u00fcv\u0151i lakom\u00e1n a menyasszony feje hirtelen megf\u00e1jdul, \u00e9s a v\u0151leg\u00e9ny kik\u00eds\u00e9ri. Mikor visszaj\u00f6n, a bar\u00e1tja megk\u00e9rdezi t\u0151le:<br \/>\n&#8211; Minden rendben van?<br \/>\n&#8211; Persze. Adtam neki egy kis nyugtat\u00f3t, \u00e9s most alszik.<br \/>\n&#8211; Rendben van, de ne felejtsd el beh\u00fazni a patika cipz\u00e1rj\u00e1t, mert kil\u00e1tszik az adagol\u00f3.<\/p>\n<p>Az egyik bord\u00e9lyh\u00e1zban cs\u00f6ng a telefon:<br \/>\n&#8211; K\u00e9rem, k\u00fcldjenek egy n\u0151t, mondom a c\u00edmem! &#8211; sz\u00f3lal meg egy f\u00e9rfihang.<br \/>\n&#8211; Uram, mi nem szoktunk l\u00e1nyokat h\u00e1zhoz k\u00fcldeni! &#8211; mondja a madam. &#8211; Ink\u00e1bb f\u00e1radjon be!<br \/>\n&#8211; Sajnos nem tudok, ugyanis egy sz\u00f6rny\u0171 baleset miatt amput\u00e1lt\u00e1k mindk\u00e9t l\u00e1bamat!<br \/>\n&#8211; R\u00e9szv\u00e9tem, de esetleg a tol\u00f3kocsij\u00e1t nem tudn\u00e1 k\u00e9zzel idehajtani?<br \/>\n&#8211; Sajnos a kezeimet is amput\u00e1lt\u00e1k!<br \/>\n&#8211; \u00c9s nemi szerve esetleg van m\u00e9g?<br \/>\n&#8211; Mit gondol mivel t\u00e1rcs\u00e1ztam?<\/p>\n<p>Jancsi \u00e9s Juliska:<\/p>\n<p>Jancsi \u00e9s Juliska s\u00e9t\u00e1lnak az erd\u0151ben. Jancsira hirtelen r\u00e1j\u00f6n a kef\u00e9lhetn\u00e9k, de ezt Juliska nem akarja. Jancsi addig pr\u00f3b\u00e1lkozik, am\u00edg Juliska is r\u00e1\u00e1ll a dologra. Amikor v\u00e9geztek, Jancsi megsz\u00f3lal:<br \/>\n&#8211; Ha kilenc h\u00f3nap m\u00falva \u00e9szreveszel valami k\u00fcl\u00f6n\u00f6set, akkor azt nevezd el Jancsinak.<br \/>\nMire Juliska:<br \/>\n&#8211; \u00c9s ha te is \u00e9szreveszel valami k\u00fcl\u00f6n\u00f6set k\u00e9t h\u00e9t m\u00falva, akkor azt nevezd el trippernek.<br \/>\nJancsi \u00e9s Juliska \u00fajra s\u00e9t\u00e1lnak az erd\u0151ben. Jancsinak megint csak kef\u00e9lhetn\u00e9ke van. De Juliska nem akarja, mert ezt a dolgot megtiltotta neki az anyuk\u00e1ja. Jancsi gondol egyet, \u00e9s ek\u00e9ppen sz\u00f3l Julisk\u00e1hoz:<br \/>\n&#8211; Te Julis, ott rep\u00fcl a holl\u00f3! Mindj\u00e1rt idesz\u00e1ll \u00e9s kiv\u00e1jja a szemed. Erre Juliska befogja a szemeit, \u00e9s bedugja a fej\u00e9t egy fa odv\u00e1ba. Jancsi k\u00e9nyelmesen nekil\u00e1t h\u00e1tulr\u00f3l. Mire Juliska:<br \/>\n&#8211; V\u00e1jk\u00e1lj csak, v\u00e1jk\u00e1lj, holl\u00f3! A szemem \u00fagysem \u00e9red el!<\/p>\n<p>Na ezzel \u00fajra adtunk az \u00e9rz\u00e9snek, \u00fcdv mindenkinek, legyetek naprak\u00e9szek: ahoj!<\/p>\n<hr \/>\n<p><strong>Az utols\u00f3 napon&#8230;<\/strong><br \/>\nk, 01\/04\/2011 &#8211; 08:58 \u2014 trolibp<\/p>\n<p>Nem iszok minden \u00e1ldott napon, de a szilveszter az\u00e9&#8217; m\u00e1s! \u00cdme:<\/p>\n<p>A cig\u00e1ny \u00e1ll\u00e1shirdet\u00e9sre jelentkezik, mint fav\u00e1g\u00f3.<br \/>\n&#8211; H\u00e1t cig\u00e1ny, milyen referenciamunk\u00e1t tudsz felmutatni, hogy elnyerd az \u00e1ll\u00e1st?<br \/>\n&#8211; H\u00e1&#8217; dikm\u00e1, \u00e1 k\u00e1l\u00e1h\u00e1ri erd\u0151t!<br \/>\n&#8211; Cig\u00e1ny, a Kalah\u00e1ri az nem erd\u0151, hanem sivatag!!!<br \/>\n&#8211; Mosm\u00e1!<\/p>\n<p>A cig\u00e1nyn\u00e1l vagyonosod\u00e1si vizsg\u00e1latot tart az APEH.<br \/>\n&#8211; Te cig\u00e1ny, honnan van ez a nagy h\u00e1z, hisz a bevall\u00e1sod alapj\u00e1n seg\u00e9lyb\u0151l<br \/>\n\u00e9lsz?<br \/>\n&#8211; H\u00e1\u00e1\u00e1 kezit cs\u00f3kolom, kifogtam az \u00e1r\u00e1nyhalat!<br \/>\n&#8211; \u00c9s van erre valamilyen bizony\u00edt\u00e9kod?<br \/>\n&#8211; H\u00e1\u00e1 ott a h\u00e1z, nem?<\/p>\n<p>Ez a KEM\u00c9NY:<br \/>\nCig\u00e1ny bemegy a k\u00f6nyvt\u00e1rba.<br \/>\n&#8211; Puskin van?<br \/>\n&#8211; Nincs.<br \/>\n&#8211; \u00c9s Lenin?<br \/>\n&#8211; Az sincs.<br \/>\n&#8211; H\u00e1t akk\u00f3&#8217; mi van?<br \/>\n&#8211; Kalasnyikov.<br \/>\n&#8211; Oszt az mit \u00edrt?<br \/>\n&#8211; Titeket, bazdmeg!<\/p>\n<p>K\u00e9t roma besz\u00e9lget:<br \/>\n&#8211; Mikor volt\u00e1l legut\u00f3bb k\u00f6nyvt\u00e1rban?<br \/>\n&#8211; K\u00e9t \u00e9ve.<br \/>\n&#8211; \u00c9s mit vitt\u00e9l ki?<br \/>\n&#8211; A f\u00e9nym\u00e1sol\u00f3t meg a vide\u00f3t!<\/p>\n<p>Tegnap be\u00e1ll\u00edtott hozz\u00e1m egy Tyrannosaurus Rex \u00e9s Hamlet. Volt nagy d\u00edn\u00f3m, d\u00e1nom.<\/p>\n<p>Pista elmegy egy bar\u00e1tj\u00e1hoz vend\u00e9gs\u00e9gbe. Bel\u00e9p az ajt\u00f3n, \u00e9s egyb\u0151l beler\u00fag egy nagyot a vend\u00e9gl\u00e1t\u00f3ja kuty\u00e1j\u00e1ba. A bar\u00e1tja el\u00e1mul:<br \/>\n&#8211; Magadn\u00e1l vagy?<br \/>\n&#8211; Nem. N\u00e1latok.<\/p>\n<p>&#8211; Mit vet a k\u00f6v\u00e9r paraszt?<br \/>\n&#8211; J\u00f3 nagy \u00e1rny\u00e9kot.<\/p>\n<p>&#8211; Melyik a villamos energi\u00e1val legjobban ell\u00e1tott orsz\u00e1g?<br \/>\n&#8211; Magyarorsz\u00e1g. Nagy a fesz\u00fclts\u00e9g, kicsi az ellen\u00e1ll\u00e1s, minden csak volt, a vezet\u0151k \u00e9rint\u00e9se pedig hal\u00e1los.<\/p>\n<p>&#8211; Mi Robert Den foglalkoz\u00e1sa?<br \/>\n&#8211; ???<br \/>\n&#8211; Robert Den \u00edr\u00f3.<\/p>\n<p>F\u00e9rfi bemegy a kocsm\u00e1ba.<br \/>\n&#8211; K\u00e9rek egy s\u00f6rt.<br \/>\n&#8211; Alkoholmentes j\u00f3 lesz?<br \/>\n&#8211; J\u00e1t\u00e9kp\u00e9nzt elfogad?<\/p>\n<hr \/>\n<p><strong>Tulajdonk\u00e9ppen&#8230;<\/strong><br \/>\nk, 01\/04\/2011 &#8211; 08:56 \u2014 trolibp<\/p>\n<p>&#8230;<br \/>\nmost kellene valami \u00e9rtelmeset \u00edrnom, \u00edgy Mikul\u00e1s ut\u00e1n, kar\u00e1csony el\u0151tt, k\u00e9t \u00fcnnep k\u00f6z\u00f6tt, de m\u00e9g az \u00f3esztend\u0151ben. Lassan sz\u00e1mot kell vetni, mennyi is az annyi \u00e9s merre van tulajdonk\u00e9ppen az arra, de ez nem olyan egyszer\u0171. Mert mint tudjuk, az ember igencsak bonyolult l\u00e9ny,akivel neh\u00e9z d\u0171l\u0151re jutni, m\u00e9g akkor is, ha csak \u00f6nmag\u00e1ban van, mint j\u00f3magam. Kesze-kusza az \u00e9let, a viccek sem a r\u00e9giek, a csajok is fagyosabbak, mi t\u00f6bb: nem l\u00e1tni hossz\u00fa comb\u00fa, ring\u00f3 mell\u0171, feszes fenek\u0171 cicabab\u00e1kat, mert a hideg mindenkit fel\u00f6lt\u00f6ztet \u00e9s bekerget melegebb helyekre.<br \/>\nCsendesen zajlanak napjaim, csak magam vagyok, \u00edgy lassan, de biztosan neh\u00e9z helyzetemben elgondolkodok, hogyan is tov\u00e1bb. Ha valakinek van valamilyen \u00e9rtelmes \u00f6tlete, az ossza meg velem, Zolee boy-jal, minden \u00e9rtelmes \u00e9s kacif\u00e1ntos gondolat \u00e9rdekel. Sz\u00f3val csak k\u00f6sz\u00f6nteni akartam minden polg\u00e1rt\u00e1rsamat \u00e9s polg\u00e1rt\u00e1rsn\u0151met ezen a csodasz\u00e9p napon \u00e9s egy boldog, b\u00e9k\u00e9s Mikul\u00e1s-napot k\u00edv\u00e1nni nekik. \u00dcdv\u00f6zlettel:<br \/>\nZolee boy<\/p>\n<p>U.i: <a href=\"http:\/\/www.youtube.com\/watch?v=vDSK7DopjV0\" target=\"_blank\">Omega<\/a><br \/>\nU.i. 2.: minden j\u00f3, ha a v\u00e9ge j\u00f3: &#8222;Az \u00e9letem egy film, melynek nem t\u00fal j\u00f3 a szereposzt\u00e1sa \u00e9s r\u00e1ad\u00e1sul a sztorij\u00e1t sem \u00e9rtem.&#8221;<\/p>\n<hr \/>\n<p><strong>Na erre van az arra&#8230;<\/strong><br \/>\nk, 01\/04\/2011 &#8211; 08:55 \u2014 trolibp <\/p>\n<p>Jap\u00e1n l\u00e9giir\u00e1ny\u00edt\u00f3 \u00e9s egy magyar pil\u00f3ta besz\u00e9lget.<br \/>\n&#8211; Sajonara!<br \/>\n&#8211; Merre sz\u00e1ljak?<\/p>\n<p>A versenyl\u00f3 futam ut\u00e1n elmegy a kocsm\u00e1ba \u00e9s k\u00e9r egy v\u00f6d\u00f6r DAB s\u00f6rt. Megissza, majd k\u00e9r m\u00e9g egy v\u00f6d\u00f6r DAB s\u00f6rt. Miut\u00e1n megitta, meg\u00e9hezik \u00e9s k\u00e9r egy adag abrakot.<br \/>\nErre a pultos:<br \/>\n&#8211; Abrak a DABra.<\/p>\n<p>Egy embert bevisznek az elmegy\u00f3gyint\u00e9zetbe.<br \/>\n&#8211; \u00d6n hogy ker\u00fcl ide?<br \/>\n&#8211; Elveszett a szem\u00fcvegem &#8230;<br \/>\n&#8211; Akkor mi\u00e9rt ide hozt\u00e1k?!<br \/>\n&#8211; Mi\u00e9rt? Ide hozt\u00e1k?<\/p>\n<p>K\u00e9t cig\u00e1ny besz\u00e9lget:<br \/>\n&#8211; Hol laksz?<br \/>\n&#8211; Sehol. \u00c9s te?<br \/>\n&#8211; Veled szemben.<\/p>\n<p>&#8211; Tudod, hogyan lehet egy komplett idi\u00f3t\u00e1t 24 \u00f3r\u00e1ig bizonytalans\u00e1gban<br \/>\ntartani?<br \/>\n&#8211; ???<br \/>\n&#8211; Majd holnap megmondom&#8230;<\/p>\n<p>&#8211; Hol a vella le\u00e1nyom?<br \/>\n&#8211; A gereble mellett, \u00e9desap\u00e1m!<br \/>\n&#8211; A gereble hol van?<br \/>\n&#8211; A vella mellett!<br \/>\n&#8211; Ej, de nagy szam\u00e1r vagy te! A vella meg a gereble hol van?<br \/>\n&#8211; Egym\u00e1s mellett, \u00e9desap\u00e1m!<\/p>\n<p>Jani b\u00e1csit megk\u00e9rdezik:<br \/>\n&#8211; \u00dagy hallottuk Jani b\u00e1csi, besz\u0171k\u00fclt a sz\u00f3kincse!<br \/>\n&#8211; Faszt!<\/p>\n<p>A bolond meg a zseni besz\u00e9lget egym\u00e1ssal:<br \/>\nZseni: &#8211; Figyelj, bolond! Felteszek neked k\u00e9rd\u00e9seket, \u00e9s ha nem tudsz r\u00e1juk v\u00e1laszolni, akkor adsz egy sz\u00e1zast. Ut\u00e1na te k\u00e9rdezel, \u00e9s ha nem tudok r\u00e1 v\u00e1laszolni, adok egy ezrest!<br \/>\nBolond: &#8211; J\u00f3, re-rendben!<br \/>\nZs.: &#8211; Mi az? Kilincs van rajta, z\u00e1r van rajta \u00e9s ki lehet nyitni!<br \/>\nB.: &#8211; Nem tudom, itt egy sz\u00e1zas!<br \/>\nZs.: &#8211; Mi az? N\u00e9gy l\u00e1bon \u00e1ll, f\u00e1b\u00f3l van \u00e9s esz\u00fcnk rajta?<br \/>\nB.: &#8211; Nem tudom, itt egy sz\u00e1zas!<br \/>\nZ.: &#8211; Akkor most k\u00e9rdezz te!<br \/>\nB.: &#8211; J\u00f3! Mi az, kicsi, z\u00f6ld \u00e9s fel-al\u00e1 pattog?<br \/>\nZ.: &#8211; H\u00fa, a francba ezt nem tudom! Itt az ezres! Mi\u00e9rt, mi volt az?<br \/>\nB.: &#8211; Nem tudom, itt egy sz\u00e1zas.<\/p>\n<p>Nos, m\u00e1ra ennyi&#8230;<\/p>\n<hr \/>\n<p><strong>Asszem&#8230;<\/strong><br \/>\nk, 01\/04\/2011 &#8211; 08:54 \u2014 trolibp <\/p>\n<p>Nos, az el\u0151z\u0151 hardveresen felgyors\u00edtott \u00e9s szoftveres update-tel is ell\u00e1tott soraimat kicsit fel kell turb\u00f3zni. Mind\u00f6sszesen arr\u00f3l van sz\u00f3, asszem jobb lesz, ha le\u00edrom r\u00e9szletesen ki is vagyok val\u00f3j\u00e1ban \u00e9s mit is akarok ezzel az oldallal l\u00e9trehozni. De erre egy kicsit v\u00e1rni kell, mert \u00f6ssze kell szednem a gondolataimat \u00e9s pontosan meg kell fogalmaznom, amit az ut\u00f3korra hagyni k\u00edv\u00e1nok. Addig pedig ahoj&#8230;<\/p>\n<hr \/>\n<p><strong>Az\u00e9rt, hogy szem ne maradjon sz\u00e1razon&#8230;<\/strong><br \/>\nk, 01\/04\/2011 &#8211; 08:54 \u2014 trolibp <\/p>\n<p>K\u00e9t rend\u0151r f\u00e1radtan \u00e9rkezik az \u0151rsre. Megsz\u00f3lal az egyik:<br \/>\n&#8211; Te, \u00e9n m\u00e1r nem \u00e9rzem a l\u00e1bamat.<br \/>\n&#8211; Akkor szagold az eny\u00e9met!<\/p>\n<p>A rend\u0151rtiszti f\u0151iskol\u00e1n az egyik jel\u00f6lt megbukik.<br \/>\n&#8211; Mik voltak a k\u00e9rd\u00e9sek? &#8211; k\u00e9rdezi t\u0151le a bar\u00e1tja.<br \/>\n&#8211; Az els\u0151, hogy hogyan halt meg Nap\u00f3leon?<br \/>\n&#8211; \u00c9s mit mondt\u00e1l?<br \/>\n&#8211; Hogy leesett Waterloor\u00f3l.<br \/>\n&#8211; H\u00e1t a m\u00e1sodik?<br \/>\n&#8211; Hogyan halt meg R\u00e1k\u00f3czi?<br \/>\n&#8211; \u00c9s erre mit v\u00e1laszolt\u00e1l?<br \/>\n&#8211; Hogy beleesett a Rodost\u00f3ba.<br \/>\n&#8211; \u00c9s a harmadik?<br \/>\n&#8211; El kellett mondanom a Szeptember v\u00e9g\u00e9n-t!<br \/>\n&#8211; Na mondd el!<br \/>\n&#8211; 29, 30, 31.<br \/>\n&#8211; Megvan a hiba! Szeptember csak 30 napos!<\/p>\n<p>Ez volt az utols\u00f3 mondata valakinek:<br \/>\nUzulbuzul? H\u00fclye n\u00e9v egy barb\u00e1rnak&#8230;<\/p>\n<p>&#8211; Mit mondott H\u00f3feh\u00e9rke, miut\u00e1n szeretkezett az \u00f6sszes t\u00f6rp\u00e9vel?<br \/>\n&#8211; Na, ez a h\u00e9t gyorsan elment&#8230;<\/p>\n<p>Van egy gumin\u0151m, Pamela Anderson a neve. Ha pedig nem f\u00fajom fel teljesen, akkor Medveczky Ilona.<\/p>\n<p>Bej\u00f6tt az \u00e9lelmiszerboltba egy sz\u00f6szi.<br \/>\n&#8211; K\u00e9rek egy k\u00e9k Szofit!<br \/>\nLevettem egy egy nekem szimpatikus darabot a sok k\u00f6z\u00fcl, \u00e9s a h\u00f6lgy el\u00e9 tettem. A dobozon nagy fekete keretben az \u00e1llt, hogy a doh\u00e1nyz\u00e1s t\u00fcd\u0151r\u00e1kot okoz. A h\u00f6lgy felh\u00e1borodva utas\u00edtotta vissza:<br \/>\n&#8211; Nekem ez nem kell, mert ez t\u00fcd\u0151r\u00e1kot okoz!<br \/>\nPadl\u00f3t fogtam. Hogy valaki ilyen j\u00f3 helyzetfelismer\u0151 legyen! \u00c9s \u00edgy lehessen r\u00e1 hatni! Elhat\u00e1roztam, hogy olyat mondok ami alapjaiban rengeti meg a vil\u00e1gn\u00e9zet\u00e9t, majd elborul\u00f3 aggyal, de faarccal k\u00f6z\u00f6ltem vele:<br \/>\n&#8211; Sajnos mind r\u00e1kot okoz.<br \/>\nErre \u0151 szint\u00e9n faarccal:<br \/>\n&#8211; Adjon egy m\u00e1sik dobozzal ugyanebb\u0151l a m\u00e1rk\u00e1b\u00f3l!<br \/>\nEl\u0151sz\u00f6r azt hittem viccel, de r\u00e1j\u00f6ttem hogy nem. H\u00e1t, \u00e9n adtam neki.<br \/>\n&#8211; Erre meg az van \u00edrva, hogy a terhess\u00e9g megszakad\u00e1s\u00e1hoz vezethet.<br \/>\n&#8211; \u00d3, az j\u00f3, nem vagyok terhes, \u00e9s \u00edgy nincs gond. T\u00fcd\u0151r\u00e1kot m\u00e9gse szeretn\u00e9k kapni!<br \/>\nAzt hittem, felk\u00f6t\u00f6m magam, de er\u0151t vettem magamon, v\u00e9g\u00fcl is a napom sz\u00e9p volt, mert \u00fajfent \u00f6r\u00f6m\u00f6t okoztam egy v\u00e1s\u00e1rl\u00f3nak. De a t\u00f6rt\u00e9netnek itt nincs v\u00e9ge. A h\u00f6lgy p\u00e1r nap m\u00falva visszat\u00e9rt, megint k\u00e9rt egy k\u00e9k Szofit. Rutinos droidkezel\u0151k\u00e9nt mindj\u00e1rt meg is n\u00e9ztem, mi van a dobozon. Az \u00edr\u00e1s im\u00edgyen sz\u00f3lt: &#8222;A doh\u00e1nyz\u00e1s cs\u00f6kkenti a spermiumok sz\u00e1m\u00e1t.&#8221; Gondoltam, ez biztos j\u00f3 lesz, \u00e9s oda is adtam. N\u00e9zegette, n\u00e9zegette, k\u00f6zben egy p\u00e1r embert kiszolg\u00e1ltam, majd k\u00f6z\u00f6lte:<br \/>\n&#8211; Ez f\u00e9rfi cigi, ez nekem nem j\u00f3! Adjon n\u0151it!<\/p>\n<p>&#8211; Mi\u00e9rt nem jelentkezik a kisb\u00e9ka egyetemre?<br \/>\n&#8211; ???<br \/>\n&#8211; Nehogy g\u00f3lyat\u00e1borba kelljen mennie.<\/p>\n<p>Az elef\u00e1nt \u00e9s a kiseg\u00e9r egy\u00fctt utazik a vonaton. Az elef\u00e1ntnak van jegye, a kiseg\u00e9rnek nincs. Az elef\u00e1nt l\u00e1tja, hogy j\u00f6n a kalauz, ez\u00e9rt gyorsan bedugja a kisegeret a mell\u00e9nye zseb\u00e9be. Azt mondja a kalauz:<br \/>\n&#8211; Te elef\u00e1nt! \u00c9n tudom, hogy a kiseg\u00e9r a legjobb bar\u00e1tod, \u00e9s ti mindenhov\u00e1 egy\u00fctt j\u00e1rtok, nincs itt \u0151 v\u00e9letlen\u00fcl?<br \/>\n&#8211; Sajnos most nem tudott j\u00f6nni. &#8211; mondja az elef\u00e1nt, \u00e9s egy hatalmasat csap a mell\u00e9nye zseb\u00e9re. &#8211; De a f\u00e9nyk\u00e9pe az itt van&#8230;<\/p>\n<p>&#8211; Mondd nagymama, mi az a szeret\u0151?<br \/>\nNagymama felsik\u00edt, elhaj\u00edtja a k\u00f6t\u00e9st, felpattan, \u00e1tg\u00e1zol a macsk\u00e1n, felrohan a padl\u00e1sra, felt\u00e9pi a gardr\u00f3bajt\u00f3t, kizuhan egy csontv\u00e1z.<br \/>\n&#8211; A francba, tudtam, hogy valamit elfelejtettem&#8230;<\/p>\n<p>K\u00e9t rab besz\u00e9lget:<br \/>\n&#8211; T\u00e9ged mi\u00e9rt \u00edt\u00e9ltek el?<br \/>\n&#8211; Szerelmes lett bel\u00e9m az any\u00f3som.<br \/>\n&#8211; \u00c9s?<br \/>\n&#8211; Elcsavartam a fej\u00e9t.<\/p>\n<p>V\u00e9get \u00e9rt a m\u00f3ka m\u00e1ra,z\u00e1rul Miki m\u00f3kat\u00e1ra.<br \/>\nDe ha tetszett nemsok\u00e1ra visszav\u00e1rhatsz:<br \/>\nJ\u00f3ska, S\u00e1ra, Tercsi, Fercsi, Kata, Kl\u00e1ra<br \/>\n\u00e9s valah\u00e1ny n\u00e9v a napt\u00e1rba!<br \/>\nElj\u00f6v\u00f6k m\u00e9g hozz\u00e1tok!<br \/>\nViszontl\u00e1t\u00e1sra pajt\u00e1sok!<\/p>\n<hr \/>\n<p><em>Ez a r\u00e9gi blog motor t\u00f6rt\u00e9nete, melynek lez\u00e1rult a teszt f\u00e1zisa, melynek sor\u00e1n a motor megbukott, ez\u00e9rt m\u00e1t\u00f3l m\u00e1r csak a WP motor marad. K\u00f6szi encoder a tesztet, a k\u00f6zrem\u0171k\u00f6d\u00e9st \u00e9s am\u00fagy is mindent. Ahoj mindenkinek,<\/em><\/p>\n<p>Zolee boy \u00e9s \u00e1lland\u00f3 partnerei a csajok<\/p>\n","protected":false},"excerpt":{"rendered":"<p>A r\u00e9gi sz\u00e9p id\u0151kben volt egy Drupal blogom, melyet s\u00f3gorom megsz\u0171ntetett. Ennek tartalm\u00e1t \u00e1thozta ide, ezt olvashatja mindenki. J\u00f3 sz\u00f3rakoz\u00e1st k\u00edv\u00e1nok. Csod\u00e1k m\u00e1rpedig vannak! Vagy m\u00e9gsem? h, 04\/25\/2011 &#8211; 11:46 \u2014 trolibp A trolis hagyom\u00e1nyokat k\u00f6zleked\u00e9ssel f\u0171szerezte csapatunk. \u00cdme: Egy aut\u00f3s sz\u00e9p laposra vasal egy kakast az orsz\u00e1g\u00faton. Felveszi a d\u00f6g\u00f6t, \u00e9s beviszi a k\u00f6zeli [&hellip;]<\/p>\n","protected":false},"author":1,"featured_media":0,"parent":0,"menu_order":0,"comment_status":"open","ping_status":"open","template":"","meta":{"footnotes":""},"class_list":["post-83","page","type-page","status-publish","hentry"],"aioseo_notices":[],"_links":{"self":[{"href":"https:\/\/aniko.api64.de\/anisite\/wordpress\/index.php?rest_route=\/wp\/v2\/pages\/83","targetHints":{"allow":["GET"]}}],"collection":[{"href":"https:\/\/aniko.api64.de\/anisite\/wordpress\/index.php?rest_route=\/wp\/v2\/pages"}],"about":[{"href":"https:\/\/aniko.api64.de\/anisite\/wordpress\/index.php?rest_route=\/wp\/v2\/types\/page"}],"author":[{"embeddable":true,"href":"https:\/\/aniko.api64.de\/anisite\/wordpress\/index.php?rest_route=\/wp\/v2\/users\/1"}],"replies":[{"embeddable":true,"href":"https:\/\/aniko.api64.de\/anisite\/wordpress\/index.php?rest_route=%2Fwp%2Fv2%2Fcomments&post=83"}],"version-history":[{"count":9,"href":"https:\/\/aniko.api64.de\/anisite\/wordpress\/index.php?rest_route=\/wp\/v2\/pages\/83\/revisions"}],"predecessor-version":[{"id":85,"href":"https:\/\/aniko.api64.de\/anisite\/wordpress\/index.php?rest_route=\/wp\/v2\/pages\/83\/revisions\/85"}],"wp:attachment":[{"href":"https:\/\/aniko.api64.de\/anisite\/wordpress\/index.php?rest_route=%2Fwp%2Fv2%2Fmedia&parent=83"}],"curies":[{"name":"wp","href":"https:\/\/api.w.org\/{rel}","templated":true}]}}